{"id":2678,"date":"2022-02-15T09:53:11","date_gmt":"2022-02-15T12:53:11","guid":{"rendered":"https:\/\/www.tab.pro.br\/?page_id=2678"},"modified":"2023-03-21T15:02:40","modified_gmt":"2023-03-21T18:02:40","slug":"downloads","status":"publish","type":"page","link":"https:\/\/www.tab.pro.br\/index.php\/downloads\/","title":{"rendered":"Downloads"},"content":{"rendered":"\t\t<div data-elementor-type=\"wp-page\" data-elementor-id=\"2678\" class=\"elementor elementor-2678\">\n\t\t\t\t\t\t<div class=\"elementor-inner\">\n\t\t\t\t<div class=\"elementor-section-wrap\">\n\t\t\t\t\t\t\t\t\t<section data-particle_enable=\"false\" data-particle-mobile-disabled=\"false\" class=\"elementor-section elementor-top-section elementor-element elementor-element-51fdb24 elementor-section-height-min-height elementor-section-boxed elementor-section-height-default elementor-section-items-middle\" data-id=\"51fdb24\" data-element_type=\"section\" data-settings=\"{&quot;background_background&quot;:&quot;classic&quot;,&quot;_ha_eqh_enable&quot;:false}\">\n\t\t\t\t\t\t\t<div class=\"elementor-background-overlay\"><\/div>\n\t\t\t\t\t\t\t<div class=\"elementor-container elementor-column-gap-default\">\n\t\t\t\t\t\t\t<div class=\"elementor-row\">\n\t\t\t\t\t<div class=\"elementor-column elementor-col-50 elementor-top-column elementor-element elementor-element-300f990\" data-id=\"300f990\" data-element_type=\"column\">\n\t\t\t<div class=\"elementor-column-wrap elementor-element-populated\">\n\t\t\t\t\t\t\t<div class=\"elementor-widget-wrap\">\n\t\t\t\t\t\t<div class=\"elementor-element elementor-element-e7c4a90 elementor-widget elementor-widget-heading\" data-id=\"e7c4a90\" data-element_type=\"widget\" data-widget_type=\"heading.default\">\n\t\t\t\t<div class=\"elementor-widget-container\">\n\t\t\t<h2 class=\"elementor-heading-title elementor-size-default\">Materiais para Download<\/h2>\t\t<\/div>\n\t\t\t\t<\/div>\n\t\t\t\t\t\t<\/div>\n\t\t\t\t\t<\/div>\n\t\t<\/div>\n\t\t\t\t<div class=\"elementor-column elementor-col-50 elementor-top-column elementor-element elementor-element-cbe2e43\" data-id=\"cbe2e43\" data-element_type=\"column\">\n\t\t\t<div class=\"elementor-column-wrap\">\n\t\t\t\t\t\t\t<div class=\"elementor-widget-wrap\">\n\t\t\t\t\t\t\t\t<\/div>\n\t\t\t\t\t<\/div>\n\t\t<\/div>\n\t\t\t\t\t\t\t\t<\/div>\n\t\t\t\t\t<\/div>\n\t\t<\/section>\n\t\t\t\t<section data-particle_enable=\"false\" data-particle-mobile-disabled=\"false\" class=\"elementor-section elementor-top-section elementor-element elementor-element-76718d7c elementor-section-boxed elementor-section-height-default elementor-section-height-default\" data-id=\"76718d7c\" data-element_type=\"section\" data-settings=\"{&quot;_ha_eqh_enable&quot;:false}\">\n\t\t\t\t\t\t<div class=\"elementor-container elementor-column-gap-default\">\n\t\t\t\t\t\t\t<div class=\"elementor-row\">\n\t\t\t\t\t<div class=\"elementor-column elementor-col-100 elementor-top-column elementor-element elementor-element-65de40d0\" data-id=\"65de40d0\" data-element_type=\"column\">\n\t\t\t<div class=\"elementor-column-wrap elementor-element-populated\">\n\t\t\t\t\t\t\t<div class=\"elementor-widget-wrap\">\n\t\t\t\t\t\t<div class=\"elementor-element elementor-element-eeab06c elementor-posts--align-left elementor-grid-3 elementor-grid-tablet-2 elementor-grid-mobile-1 elementor-posts--thumbnail-top elementor-card-shadow-yes elementor-posts__hover-gradient elementor-widget elementor-widget-posts\" data-id=\"eeab06c\" data-element_type=\"widget\" data-settings=\"{&quot;cards_masonry&quot;:&quot;yes&quot;,&quot;cards_columns&quot;:&quot;3&quot;,&quot;cards_columns_tablet&quot;:&quot;2&quot;,&quot;cards_columns_mobile&quot;:&quot;1&quot;,&quot;cards_row_gap&quot;:{&quot;unit&quot;:&quot;px&quot;,&quot;size&quot;:35,&quot;sizes&quot;:[]},&quot;cards_row_gap_tablet&quot;:{&quot;unit&quot;:&quot;px&quot;,&quot;size&quot;:&quot;&quot;,&quot;sizes&quot;:[]},&quot;cards_row_gap_mobile&quot;:{&quot;unit&quot;:&quot;px&quot;,&quot;size&quot;:&quot;&quot;,&quot;sizes&quot;:[]}}\" data-widget_type=\"posts.cards\">\n\t\t\t\t<div class=\"elementor-widget-container\">\n\t\t\t\t\t<div class=\"elementor-posts-container elementor-posts elementor-posts--skin-cards elementor-grid\">\n\t\t\t\t<article class=\"elementor-post elementor-grid-item post-4352 post type-post status-publish format-standard has-post-thumbnail hentry category-downloads\">\n\t\t\t<div class=\"elementor-post__card\">\n\t\t\t\t<a class=\"elementor-post__thumbnail__link\" href=\"https:\/\/www.tab.pro.br\/index.php\/2024\/03\/18\/o-guia-completo-para-gerenciamento-de-fornecedores-3\/\" ><div class=\"elementor-post__thumbnail\"><img loading=\"lazy\" decoding=\"async\" width=\"2000\" height=\"1333\" src=\"https:\/\/www.tab.pro.br\/wp-content\/uploads\/2024\/03\/image.png\" class=\"attachment-2048x2048 size-2048x2048\" alt=\"\" srcset=\"https:\/\/www.tab.pro.br\/wp-content\/uploads\/2024\/03\/image.png 2000w, https:\/\/www.tab.pro.br\/wp-content\/uploads\/2024\/03\/image-300x200.png 300w, https:\/\/www.tab.pro.br\/wp-content\/uploads\/2024\/03\/image-1024x682.png 1024w, https:\/\/www.tab.pro.br\/wp-content\/uploads\/2024\/03\/image-768x512.png 768w, https:\/\/www.tab.pro.br\/wp-content\/uploads\/2024\/03\/image-1536x1024.png 1536w\" sizes=\"(max-width: 2000px) 100vw, 2000px\" \/><\/div><\/a>\n\t\t\t\t<div class=\"elementor-post__text\">\n\t\t\t\t<h3 class=\"elementor-post__title\">\n\t\t\t<a href=\"https:\/\/www.tab.pro.br\/index.php\/2024\/03\/18\/o-guia-completo-para-gerenciamento-de-fornecedores-3\/\" >\n\t\t\t\tComo aprimorar a gest\u00e3o da qualidade em sua empresa \u200b\t\t\t<\/a>\n\t\t<\/h3>\n\t\t\n\t\t<a class=\"elementor-post__read-more\" href=\"https:\/\/www.tab.pro.br\/index.php\/2024\/03\/18\/o-guia-completo-para-gerenciamento-de-fornecedores-3\/\" >\n\t\t\tLEIA MAIS\t\t<\/a>\n\n\t\t\t\t<\/div>\n\t\t\t\t\t<\/div>\n\t\t<\/article>\n\t\t\t\t<article class=\"elementor-post elementor-grid-item post-4235 post type-post status-publish format-standard has-post-thumbnail hentry category-downloads\">\n\t\t\t<div class=\"elementor-post__card\">\n\t\t\t\t<a class=\"elementor-post__thumbnail__link\" href=\"https:\/\/www.tab.pro.br\/index.php\/2023\/06\/12\/o-guia-completo-para-gerenciamento-de-fornecedores-2\/\" ><div class=\"elementor-post__thumbnail\"><img loading=\"lazy\" decoding=\"async\" width=\"267\" height=\"153\" src=\"https:\/\/www.tab.pro.br\/wp-content\/uploads\/2023\/06\/Topo-Fornecedores-20-1.png\" class=\"attachment-2048x2048 size-2048x2048\" alt=\"\" \/><\/div><\/a>\n\t\t\t\t<div class=\"elementor-post__text\">\n\t\t\t\t<h3 class=\"elementor-post__title\">\n\t\t\t<a href=\"https:\/\/www.tab.pro.br\/index.php\/2023\/06\/12\/o-guia-completo-para-gerenciamento-de-fornecedores-2\/\" >\n\t\t\t\tO guia completo para gerenciamento de fornecedores\t\t\t<\/a>\n\t\t<\/h3>\n\t\t\n\t\t<a class=\"elementor-post__read-more\" href=\"https:\/\/www.tab.pro.br\/index.php\/2023\/06\/12\/o-guia-completo-para-gerenciamento-de-fornecedores-2\/\" >\n\t\t\tLEIA MAIS\t\t<\/a>\n\n\t\t\t\t<\/div>\n\t\t\t\t\t<\/div>\n\t\t<\/article>\n\t\t\t\t<article class=\"elementor-post elementor-grid-item post-4215 post type-post status-publish format-standard has-post-thumbnail hentry category-downloads\">\n\t\t\t<div class=\"elementor-post__card\">\n\t\t\t\t<a class=\"elementor-post__thumbnail__link\" href=\"https:\/\/www.tab.pro.br\/index.php\/2023\/03\/31\/14-passos-rumo-a-sustentabilidade\/\" ><div class=\"elementor-post__thumbnail\"><img loading=\"lazy\" decoding=\"async\" width=\"266\" height=\"153\" src=\"https:\/\/www.tab.pro.br\/wp-content\/uploads\/2023\/03\/top-14-passos-rumo-a-sustentabilidade.jpg.png\" class=\"attachment-2048x2048 size-2048x2048\" alt=\"\" \/><\/div><\/a>\n\t\t\t\t<div class=\"elementor-post__text\">\n\t\t\t\t<h3 class=\"elementor-post__title\">\n\t\t\t<a href=\"https:\/\/www.tab.pro.br\/index.php\/2023\/03\/31\/14-passos-rumo-a-sustentabilidade\/\" >\n\t\t\t\t14 passos rumo \u00e0 sustentabilidade\u200b\t\t\t<\/a>\n\t\t<\/h3>\n\t\t\n\t\t<a class=\"elementor-post__read-more\" href=\"https:\/\/www.tab.pro.br\/index.php\/2023\/03\/31\/14-passos-rumo-a-sustentabilidade\/\" >\n\t\t\tLEIA MAIS\t\t<\/a>\n\n\t\t\t\t<\/div>\n\t\t\t\t\t<\/div>\n\t\t<\/article>\n\t\t\t\t<article class=\"elementor-post elementor-grid-item post-4194 post type-post status-publish format-standard has-post-thumbnail hentry category-downloads\">\n\t\t\t<div class=\"elementor-post__card\">\n\t\t\t\t<a class=\"elementor-post__thumbnail__link\" href=\"https:\/\/www.tab.pro.br\/index.php\/2023\/03\/28\/construindo-uma-empresa-digital-8-pilares-para-o-sucesso-na-industria-4-0\/\" ><div class=\"elementor-post__thumbnail\"><img loading=\"lazy\" decoding=\"async\" width=\"281\" height=\"150\" src=\"https:\/\/www.tab.pro.br\/wp-content\/uploads\/2023\/03\/Construindo-uma-empresa-digital.png\" class=\"attachment-2048x2048 size-2048x2048\" alt=\"\" \/><\/div><\/a>\n\t\t\t\t<div class=\"elementor-post__text\">\n\t\t\t\t<h3 class=\"elementor-post__title\">\n\t\t\t<a href=\"https:\/\/www.tab.pro.br\/index.php\/2023\/03\/28\/construindo-uma-empresa-digital-8-pilares-para-o-sucesso-na-industria-4-0\/\" >\n\t\t\t\tConstruindo uma empresa digital: 8 pilares para o sucesso na ind\u00fastria 4.0\t\t\t<\/a>\n\t\t<\/h3>\n\t\t\n\t\t<a class=\"elementor-post__read-more\" href=\"https:\/\/www.tab.pro.br\/index.php\/2023\/03\/28\/construindo-uma-empresa-digital-8-pilares-para-o-sucesso-na-industria-4-0\/\" >\n\t\t\tLEIA MAIS\t\t<\/a>\n\n\t\t\t\t<\/div>\n\t\t\t\t\t<\/div>\n\t\t<\/article>\n\t\t\t\t<article class=\"elementor-post elementor-grid-item post-4071 post type-post status-publish format-standard has-post-thumbnail hentry category-downloads\">\n\t\t\t<div class=\"elementor-post__card\">\n\t\t\t\t<a class=\"elementor-post__thumbnail__link\" href=\"https:\/\/www.tab.pro.br\/index.php\/2023\/02\/27\/como-aprimorar-a-gestao-da-qualidade-em-sua-empresa\/\" ><div class=\"elementor-post__thumbnail\"><img loading=\"lazy\" decoding=\"async\" width=\"680\" height=\"460\" src=\"https:\/\/www.tab.pro.br\/wp-content\/uploads\/2023\/02\/dasdasdasdasd.png\" class=\"attachment-2048x2048 size-2048x2048\" alt=\"\" srcset=\"https:\/\/www.tab.pro.br\/wp-content\/uploads\/2023\/02\/dasdasdasdasd.png 680w, https:\/\/www.tab.pro.br\/wp-content\/uploads\/2023\/02\/dasdasdasdasd-300x203.png 300w\" sizes=\"(max-width: 680px) 100vw, 680px\" \/><\/div><\/a>\n\t\t\t\t<div class=\"elementor-post__text\">\n\t\t\t\t<h3 class=\"elementor-post__title\">\n\t\t\t<a href=\"https:\/\/www.tab.pro.br\/index.php\/2023\/02\/27\/como-aprimorar-a-gestao-da-qualidade-em-sua-empresa\/\" >\n\t\t\t\tComo aprimorar a gest\u00e3o da  qualidade em sua empresa\t\t\t<\/a>\n\t\t<\/h3>\n\t\t\n\t\t<a class=\"elementor-post__read-more\" href=\"https:\/\/www.tab.pro.br\/index.php\/2023\/02\/27\/como-aprimorar-a-gestao-da-qualidade-em-sua-empresa\/\" >\n\t\t\tLEIA MAIS\t\t<\/a>\n\n\t\t\t\t<\/div>\n\t\t\t\t\t<\/div>\n\t\t<\/article>\n\t\t\t\t<article class=\"elementor-post elementor-grid-item post-3692 post type-post status-publish format-standard has-post-thumbnail hentry category-downloads\">\n\t\t\t<div class=\"elementor-post__card\">\n\t\t\t\t<a class=\"elementor-post__thumbnail__link\" href=\"https:\/\/www.tab.pro.br\/index.php\/2022\/08\/25\/gestao-de-inovacao\/\" ><div class=\"elementor-post__thumbnail\"><img loading=\"lazy\" decoding=\"async\" width=\"680\" height=\"460\" src=\"https:\/\/www.tab.pro.br\/wp-content\/uploads\/2022\/08\/gestao-de-inovacao.png\" class=\"attachment-2048x2048 size-2048x2048\" alt=\"\" srcset=\"https:\/\/www.tab.pro.br\/wp-content\/uploads\/2022\/08\/gestao-de-inovacao.png 680w, https:\/\/www.tab.pro.br\/wp-content\/uploads\/2022\/08\/gestao-de-inovacao-300x203.png 300w\" sizes=\"(max-width: 680px) 100vw, 680px\" \/><\/div><\/a>\n\t\t\t\t<div class=\"elementor-post__text\">\n\t\t\t\t<h3 class=\"elementor-post__title\">\n\t\t\t<a href=\"https:\/\/www.tab.pro.br\/index.php\/2022\/08\/25\/gestao-de-inovacao\/\" >\n\t\t\t\tGest\u00e3o de Inova\u00e7\u00e3o\t\t\t<\/a>\n\t\t<\/h3>\n\t\t\n\t\t<a class=\"elementor-post__read-more\" href=\"https:\/\/www.tab.pro.br\/index.php\/2022\/08\/25\/gestao-de-inovacao\/\" >\n\t\t\tLEIA MAIS\t\t<\/a>\n\n\t\t\t\t<\/div>\n\t\t\t\t\t<\/div>\n\t\t<\/article>\n\t\t\t\t<article class=\"elementor-post elementor-grid-item post-3646 post type-post status-publish format-standard has-post-thumbnail hentry category-downloads\">\n\t\t\t<div class=\"elementor-post__card\">\n\t\t\t\t<a class=\"elementor-post__thumbnail__link\" href=\"https:\/\/www.tab.pro.br\/index.php\/2022\/08\/04\/passo-a-passo-para-fazer-um-planejamento-estrategico\/\" ><div class=\"elementor-post__thumbnail\"><img loading=\"lazy\" decoding=\"async\" width=\"680\" height=\"460\" src=\"https:\/\/www.tab.pro.br\/wp-content\/uploads\/2022\/08\/Topo-Passo-a-passo-para-fazer-um-planejamento-estrategico.png.png\" class=\"attachment-2048x2048 size-2048x2048\" alt=\"\" srcset=\"https:\/\/www.tab.pro.br\/wp-content\/uploads\/2022\/08\/Topo-Passo-a-passo-para-fazer-um-planejamento-estrategico.png.png 680w, https:\/\/www.tab.pro.br\/wp-content\/uploads\/2022\/08\/Topo-Passo-a-passo-para-fazer-um-planejamento-estrategico.png-300x203.png 300w\" sizes=\"(max-width: 680px) 100vw, 680px\" \/><\/div><\/a>\n\t\t\t\t<div class=\"elementor-post__text\">\n\t\t\t\t<h3 class=\"elementor-post__title\">\n\t\t\t<a href=\"https:\/\/www.tab.pro.br\/index.php\/2022\/08\/04\/passo-a-passo-para-fazer-um-planejamento-estrategico\/\" >\n\t\t\t\tPasso a passo para fazer um planejamento estrat\u00e9gico\t\t\t<\/a>\n\t\t<\/h3>\n\t\t\n\t\t<a class=\"elementor-post__read-more\" href=\"https:\/\/www.tab.pro.br\/index.php\/2022\/08\/04\/passo-a-passo-para-fazer-um-planejamento-estrategico\/\" >\n\t\t\tLEIA MAIS\t\t<\/a>\n\n\t\t\t\t<\/div>\n\t\t\t\t\t<\/div>\n\t\t<\/article>\n\t\t\t\t<article class=\"elementor-post elementor-grid-item post-3626 post type-post status-publish format-standard has-post-thumbnail hentry category-downloads\">\n\t\t\t<div class=\"elementor-post__card\">\n\t\t\t\t<a class=\"elementor-post__thumbnail__link\" href=\"https:\/\/www.tab.pro.br\/index.php\/2022\/07\/11\/como-aprimorar-a-gestao-de-projetos-em-sua-empres\/\" ><div class=\"elementor-post__thumbnail\"><img loading=\"lazy\" decoding=\"async\" width=\"680\" height=\"460\" src=\"https:\/\/www.tab.pro.br\/wp-content\/uploads\/2022\/07\/Sem-Titulo-1-Recuperado.png\" class=\"attachment-2048x2048 size-2048x2048\" alt=\"\" srcset=\"https:\/\/www.tab.pro.br\/wp-content\/uploads\/2022\/07\/Sem-Titulo-1-Recuperado.png 680w, https:\/\/www.tab.pro.br\/wp-content\/uploads\/2022\/07\/Sem-Titulo-1-Recuperado-300x203.png 300w\" sizes=\"(max-width: 680px) 100vw, 680px\" \/><\/div><\/a>\n\t\t\t\t<div class=\"elementor-post__text\">\n\t\t\t\t<h3 class=\"elementor-post__title\">\n\t\t\t<a href=\"https:\/\/www.tab.pro.br\/index.php\/2022\/07\/11\/como-aprimorar-a-gestao-de-projetos-em-sua-empres\/\" >\n\t\t\t\tComo aprimorar a gest\u00e3o de projetos em sua empresa\t\t\t<\/a>\n\t\t<\/h3>\n\t\t\n\t\t<a class=\"elementor-post__read-more\" href=\"https:\/\/www.tab.pro.br\/index.php\/2022\/07\/11\/como-aprimorar-a-gestao-de-projetos-em-sua-empres\/\" >\n\t\t\tLEIA MAIS\t\t<\/a>\n\n\t\t\t\t<\/div>\n\t\t\t\t\t<\/div>\n\t\t<\/article>\n\t\t\t\t<article class=\"elementor-post elementor-grid-item post-3611 post type-post status-publish format-standard has-post-thumbnail hentry category-downloads\">\n\t\t\t<div class=\"elementor-post__card\">\n\t\t\t\t<a class=\"elementor-post__thumbnail__link\" href=\"https:\/\/www.tab.pro.br\/index.php\/2022\/07\/11\/como-preparar-auditorias\/\" ><div class=\"elementor-post__thumbnail\"><img loading=\"lazy\" decoding=\"async\" width=\"680\" height=\"460\" src=\"https:\/\/www.tab.pro.br\/wp-content\/uploads\/2022\/07\/Sem-Titulo-1.png\" class=\"attachment-2048x2048 size-2048x2048\" alt=\"\" srcset=\"https:\/\/www.tab.pro.br\/wp-content\/uploads\/2022\/07\/Sem-Titulo-1.png 680w, https:\/\/www.tab.pro.br\/wp-content\/uploads\/2022\/07\/Sem-Titulo-1-300x203.png 300w\" sizes=\"(max-width: 680px) 100vw, 680px\" \/><\/div><\/a>\n\t\t\t\t<div class=\"elementor-post__text\">\n\t\t\t\t<h3 class=\"elementor-post__title\">\n\t\t\t<a href=\"https:\/\/www.tab.pro.br\/index.php\/2022\/07\/11\/como-preparar-auditorias\/\" >\n\t\t\t\tComo se preparar para auditorias\t\t\t<\/a>\n\t\t<\/h3>\n\t\t\n\t\t<a class=\"elementor-post__read-more\" href=\"https:\/\/www.tab.pro.br\/index.php\/2022\/07\/11\/como-preparar-auditorias\/\" >\n\t\t\tLEIA MAIS\t\t<\/a>\n\n\t\t\t\t<\/div>\n\t\t\t\t\t<\/div>\n\t\t<\/article>\n\t\t\t\t<article class=\"elementor-post elementor-grid-item post-3461 post type-post status-publish format-standard has-post-thumbnail hentry category-downloads\">\n\t\t\t<div class=\"elementor-post__card\">\n\t\t\t\t<a class=\"elementor-post__thumbnail__link\" href=\"https:\/\/www.tab.pro.br\/index.php\/2022\/06\/03\/esg-um-impulsionador-chave-para-um-negocio-sustentavel\/\" ><div class=\"elementor-post__thumbnail\"><img loading=\"lazy\" decoding=\"async\" width=\"680\" height=\"460\" src=\"https:\/\/www.tab.pro.br\/wp-content\/uploads\/2022\/06\/esg.png\" class=\"attachment-2048x2048 size-2048x2048\" alt=\"\" srcset=\"https:\/\/www.tab.pro.br\/wp-content\/uploads\/2022\/06\/esg.png 680w, https:\/\/www.tab.pro.br\/wp-content\/uploads\/2022\/06\/esg-300x203.png 300w\" sizes=\"(max-width: 680px) 100vw, 680px\" \/><\/div><\/a>\n\t\t\t\t<div class=\"elementor-post__text\">\n\t\t\t\t<h3 class=\"elementor-post__title\">\n\t\t\t<a href=\"https:\/\/www.tab.pro.br\/index.php\/2022\/06\/03\/esg-um-impulsionador-chave-para-um-negocio-sustentavel\/\" >\n\t\t\t\tESG: Um impulsionador-chave para um neg\u00f3cio sustent\u00e1vel\u200b\t\t\t<\/a>\n\t\t<\/h3>\n\t\t\n\t\t<a class=\"elementor-post__read-more\" href=\"https:\/\/www.tab.pro.br\/index.php\/2022\/06\/03\/esg-um-impulsionador-chave-para-um-negocio-sustentavel\/\" >\n\t\t\tLEIA MAIS\t\t<\/a>\n\n\t\t\t\t<\/div>\n\t\t\t\t\t<\/div>\n\t\t<\/article>\n\t\t\t\t<\/div>\n\n\n\t\t\n\t\t\t\t<\/div>\n\t\t\t\t<\/div>\n\t\t\t\t\t\t<\/div>\n\t\t\t\t\t<\/div>\n\t\t<\/div>\n\t\t\t\t\t\t\t\t<\/div>\n\t\t\t\t\t<\/div>\n\t\t<\/section>\n\t\t\t\t<section data-particle_enable=\"false\" data-particle-mobile-disabled=\"false\" class=\"elementor-section elementor-top-section elementor-element elementor-element-e8adc0f elementor-section-boxed elementor-section-height-default elementor-section-height-default elementor-invisible\" data-id=\"e8adc0f\" data-element_type=\"section\" data-settings=\"{&quot;background_background&quot;:&quot;classic&quot;,&quot;animation&quot;:&quot;fadeInUp&quot;,&quot;_ha_eqh_enable&quot;:false}\">\n\t\t\t\t\t\t\t<div class=\"elementor-background-overlay\"><\/div>\n\t\t\t\t\t\t\t<div class=\"elementor-container elementor-column-gap-default\">\n\t\t\t\t\t\t\t<div class=\"elementor-row\">\n\t\t\t\t\t<div class=\"elementor-column elementor-col-50 elementor-top-column elementor-element elementor-element-aa362a5\" data-id=\"aa362a5\" data-element_type=\"column\">\n\t\t\t<div class=\"elementor-column-wrap elementor-element-populated\">\n\t\t\t\t\t\t\t<div class=\"elementor-widget-wrap\">\n\t\t\t\t\t\t<div class=\"elementor-element elementor-element-80f2a38 elementor-widget elementor-widget-heading\" data-id=\"80f2a38\" data-element_type=\"widget\" data-widget_type=\"heading.default\">\n\t\t\t\t<div class=\"elementor-widget-container\">\n\t\t\t<h2 class=\"elementor-heading-title elementor-size-default\">Atendimento para todo o Brasil<\/h2>\t\t<\/div>\n\t\t\t\t<\/div>\n\t\t\t\t\t\t<\/div>\n\t\t\t\t\t<\/div>\n\t\t<\/div>\n\t\t\t\t<div class=\"elementor-column elementor-col-50 elementor-top-column elementor-element elementor-element-58c3bae\" data-id=\"58c3bae\" data-element_type=\"column\">\n\t\t\t<div class=\"elementor-column-wrap elementor-element-populated\">\n\t\t\t\t\t\t\t<div class=\"elementor-widget-wrap\">\n\t\t\t\t\t\t<div class=\"elementor-element elementor-element-1202179 elementor-widget elementor-widget-eael-creative-button\" data-id=\"1202179\" data-element_type=\"widget\" data-widget_type=\"eael-creative-button.default\">\n\t\t\t\t<div class=\"elementor-widget-container\">\n\t\t\t        <div class=\"eael-creative-button-wrapper\">\n\n            <a class=\"eael-creative-button eael-creative-button--default\" href=\"http:\/\/wa.me\/+5585981835308\" data-text=\"Go!\">\n\n                <div class=\"creative-button-inner\">\n\n                                            <span class=\"eael-creative-button-icon-left\"><i aria-hidden=\"true\" class=\"fab fa-whatsapp\"><\/i><\/span>                    \n                    <span class=\"cretive-button-text\">FALE COM UM DE NOSSOS CONSULTORES<\/span>\n\n                                    <\/div>\n            <\/a>\n        <\/div>\n\t\t<\/div>\n\t\t\t\t<\/div>\n\t\t\t\t\t\t<\/div>\n\t\t\t\t\t<\/div>\n\t\t<\/div>\n\t\t\t\t\t\t\t\t<\/div>\n\t\t\t\t\t<\/div>\n\t\t<\/section>\n\t\t\t\t<section data-particle_enable=\"false\" data-particle-mobile-disabled=\"false\" class=\"elementor-section elementor-top-section elementor-element elementor-element-f7ca644 elementor-section-full_width elementor-section-height-default elementor-section-height-default\" data-id=\"f7ca644\" data-element_type=\"section\" data-settings=\"{&quot;_ha_eqh_enable&quot;:false}\">\n\t\t\t\t\t\t<div class=\"elementor-container elementor-column-gap-default\">\n\t\t\t\t\t\t\t<div class=\"elementor-row\">\n\t\t\t\t\t<div class=\"elementor-column elementor-col-100 elementor-top-column elementor-element elementor-element-4b43c949\" data-id=\"4b43c949\" data-element_type=\"column\">\n\t\t\t<div class=\"elementor-column-wrap elementor-element-populated\">\n\t\t\t\t\t\t\t<div class=\"elementor-widget-wrap\">\n\t\t\t\t\t\t<div class=\"elementor-element elementor-element-6b40915d elementor-widget elementor-widget-google_maps\" data-id=\"6b40915d\" data-element_type=\"widget\" data-widget_type=\"google_maps.default\">\n\t\t\t\t<div class=\"elementor-widget-container\">\n\t\t\t\t\t<div class=\"elementor-custom-embed\">\n\t\t\t<iframe frameborder=\"0\" scrolling=\"no\" marginheight=\"0\" marginwidth=\"0\"\n\t\t\t\t\tsrc=\"https:\/\/maps.google.com\/maps?q=R.%20Carolina%20Sucupira%2C%2033%20-%20Aldeota%2C%20Fortaleza%20-%20CE%2C%2060140-120&#038;t=m&#038;z=15&#038;output=embed&#038;iwloc=near\"\n\t\t\t\t\ttitle=\"R. Carolina Sucupira, 33 - Aldeota, Fortaleza - CE, 60140-120\"\n\t\t\t\t\taria-label=\"R. Carolina Sucupira, 33 - Aldeota, Fortaleza - CE, 60140-120\"\n\t\t\t><\/iframe>\n\t\t<\/div>\n\t\t\t\t<\/div>\n\t\t\t\t<\/div>\n\t\t\t\t\t\t<\/div>\n\t\t\t\t\t<\/div>\n\t\t<\/div>\n\t\t\t\t\t\t\t\t<\/div>\n\t\t\t\t\t<\/div>\n\t\t<\/section>\n\t\t\t\t\t\t\t\t\t<\/div>\n\t\t\t<\/div>\n\t\t\t\t\t<\/div>\n\t\t","protected":false},"excerpt":{"rendered":"<p>Materiais para Download Atendimento para todo o Brasil FALE COM UM DE NOSSOS CONSULTORES<\/p>\n","protected":false},"author":7,"featured_media":0,"parent":0,"menu_order":0,"comment_status":"closed","ping_status":"closed","template":"elementor_header_footer","meta":{"footnotes":""},"_links":{"self":[{"href":"https:\/\/www.tab.pro.br\/index.php\/wp-json\/wp\/v2\/pages\/2678"}],"collection":[{"href":"https:\/\/www.tab.pro.br\/index.php\/wp-json\/wp\/v2\/pages"}],"about":[{"href":"https:\/\/www.tab.pro.br\/index.php\/wp-json\/wp\/v2\/types\/page"}],"author":[{"embeddable":true,"href":"https:\/\/www.tab.pro.br\/index.php\/wp-json\/wp\/v2\/users\/7"}],"replies":[{"embeddable":true,"href":"https:\/\/www.tab.pro.br\/index.php\/wp-json\/wp\/v2\/comments?post=2678"}],"version-history":[{"count":52,"href":"https:\/\/www.tab.pro.br\/index.php\/wp-json\/wp\/v2\/pages\/2678\/revisions"}],"predecessor-version":[{"id":4119,"href":"https:\/\/www.tab.pro.br\/index.php\/wp-json\/wp\/v2\/pages\/2678\/revisions\/4119"}],"wp:attachment":[{"href":"https:\/\/www.tab.pro.br\/index.php\/wp-json\/wp\/v2\/media?parent=2678"}],"curies":[{"name":"wp","href":"https:\/\/api.w.org\/{rel}","templated":true}]}}