{"id":4003,"date":"2022-12-01T15:43:22","date_gmt":"2022-12-01T18:43:22","guid":{"rendered":"https:\/\/www.tab.pro.br\/?page_id=4003"},"modified":"2022-12-01T16:32:39","modified_gmt":"2022-12-01T19:32:39","slug":"rpa","status":"publish","type":"page","link":"https:\/\/www.tab.pro.br\/index.php\/rpa\/","title":{"rendered":"RPA"},"content":{"rendered":"\t\t<div data-elementor-type=\"wp-page\" data-elementor-id=\"4003\" class=\"elementor elementor-4003\">\n\t\t\t\t\t\t<div class=\"elementor-inner\">\n\t\t\t\t<div class=\"elementor-section-wrap\">\n\t\t\t\t\t\t\t\t\t<section data-particle_enable=\"false\" data-particle-mobile-disabled=\"false\" class=\"elementor-section elementor-top-section elementor-element elementor-element-0cc0c50 elementor-section-height-min-height elementor-section-boxed elementor-section-height-default elementor-section-items-middle\" data-id=\"0cc0c50\" data-element_type=\"section\" data-settings=\"{&quot;_ha_eqh_enable&quot;:false}\">\n\t\t\t\t\t\t<div class=\"elementor-container elementor-column-gap-default\">\n\t\t\t\t\t\t\t<div class=\"elementor-row\">\n\t\t\t\t\t<div class=\"elementor-column elementor-col-50 elementor-top-column elementor-element elementor-element-668f2e3\" data-id=\"668f2e3\" data-element_type=\"column\">\n\t\t\t<div class=\"elementor-column-wrap elementor-element-populated\">\n\t\t\t\t\t\t\t<div class=\"elementor-widget-wrap\">\n\t\t\t\t\t\t<div class=\"elementor-element elementor-element-3faf8d5 elementor-widget elementor-widget-heading\" data-id=\"3faf8d5\" data-element_type=\"widget\" data-widget_type=\"heading.default\">\n\t\t\t\t<div class=\"elementor-widget-container\">\n\t\t\t<h2 class=\"elementor-heading-title elementor-size-default\">Automa\u00e7\u00e3o de Processos RPA agora est\u00e1 ao seu alcance.<\/h2>\t\t<\/div>\n\t\t\t\t<\/div>\n\t\t\t\t<div class=\"elementor-element elementor-element-34914eb elementor-widget elementor-widget-text-editor\" data-id=\"34914eb\" data-element_type=\"widget\" data-widget_type=\"text-editor.default\">\n\t\t\t\t<div class=\"elementor-widget-container\">\n\t\t\t\t\t\t\t\t<div class=\"elementor-text-editor elementor-clearfix\">\n\t\t\t\t<p>Ganhe velocidade na transforma\u00e7\u00e3o dos processos e impulsione os resultados da sua empresa com a automa\u00e7\u00e3o rob\u00f3tica dos processos.<\/p>\t\t\t\t\t<\/div>\n\t\t\t\t\t\t<\/div>\n\t\t\t\t<\/div>\n\t\t\t\t<div class=\"elementor-element elementor-element-80f1710 elementor-widget elementor-widget-button\" data-id=\"80f1710\" data-element_type=\"widget\" data-widget_type=\"button.default\">\n\t\t\t\t<div class=\"elementor-widget-container\">\n\t\t\t\t\t<div class=\"elementor-button-wrapper\">\n\t\t\t<a href=\"http:\/\/wa.me\/+5585981835308\" class=\"elementor-button-link elementor-button elementor-size-sm\" role=\"button\">\n\t\t\t\t\t\t<span class=\"elementor-button-content-wrapper\">\n\t\t\t\t\t\t<span class=\"elementor-button-text\">Fale com um especialista<\/span>\n\t\t<\/span>\n\t\t\t\t\t<\/a>\n\t\t<\/div>\n\t\t\t\t<\/div>\n\t\t\t\t<\/div>\n\t\t\t\t\t\t<\/div>\n\t\t\t\t\t<\/div>\n\t\t<\/div>\n\t\t\t\t<div class=\"elementor-column elementor-col-50 elementor-top-column elementor-element elementor-element-759b257\" data-id=\"759b257\" data-element_type=\"column\">\n\t\t\t<div class=\"elementor-column-wrap elementor-element-populated\">\n\t\t\t\t\t\t\t<div class=\"elementor-widget-wrap\">\n\t\t\t\t\t\t<div class=\"elementor-element elementor-element-22416e9 elementor-widget elementor-widget-image\" data-id=\"22416e9\" data-element_type=\"widget\" data-widget_type=\"image.default\">\n\t\t\t\t<div class=\"elementor-widget-container\">\n\t\t\t\t\t\t\t\t<div class=\"elementor-image\">\n\t\t\t\t\t\t\t\t\t\t\t\t<img loading=\"lazy\" decoding=\"async\" width=\"1024\" height=\"683\" src=\"https:\/\/www.tab.pro.br\/wp-content\/uploads\/2022\/02\/GetPaidStock.com-620bc6158a12a.jpg\" class=\"attachment-large size-large\" alt=\"\" srcset=\"https:\/\/www.tab.pro.br\/wp-content\/uploads\/2022\/02\/GetPaidStock.com-620bc6158a12a.jpg 1024w, https:\/\/www.tab.pro.br\/wp-content\/uploads\/2022\/02\/GetPaidStock.com-620bc6158a12a-300x200.jpg 300w, https:\/\/www.tab.pro.br\/wp-content\/uploads\/2022\/02\/GetPaidStock.com-620bc6158a12a-768x512.jpg 768w\" sizes=\"(max-width: 1024px) 100vw, 1024px\" \/>\t\t\t\t\t\t\t\t\t\t\t\t\t\t<\/div>\n\t\t\t\t\t\t<\/div>\n\t\t\t\t<\/div>\n\t\t\t\t\t\t<\/div>\n\t\t\t\t\t<\/div>\n\t\t<\/div>\n\t\t\t\t\t\t\t\t<\/div>\n\t\t\t\t\t<\/div>\n\t\t<\/section>\n\t\t\t\t<section data-particle_enable=\"false\" data-particle-mobile-disabled=\"false\" class=\"elementor-section elementor-top-section elementor-element elementor-element-31f8f0a elementor-section-height-min-height elementor-section-boxed elementor-section-height-default elementor-section-items-middle\" data-id=\"31f8f0a\" data-element_type=\"section\" data-settings=\"{&quot;background_background&quot;:&quot;classic&quot;,&quot;_ha_eqh_enable&quot;:false}\">\n\t\t\t\t\t\t<div class=\"elementor-container elementor-column-gap-default\">\n\t\t\t\t\t\t\t<div class=\"elementor-row\">\n\t\t\t\t\t<div class=\"elementor-column elementor-col-100 elementor-top-column elementor-element elementor-element-1aa111f\" data-id=\"1aa111f\" data-element_type=\"column\">\n\t\t\t<div class=\"elementor-column-wrap elementor-element-populated\">\n\t\t\t\t\t\t\t<div class=\"elementor-widget-wrap\">\n\t\t\t\t\t\t<div class=\"elementor-element elementor-element-e2a8ee3 elementor-widget elementor-widget-heading\" data-id=\"e2a8ee3\" data-element_type=\"widget\" data-widget_type=\"heading.default\">\n\t\t\t\t<div class=\"elementor-widget-container\">\n\t\t\t<h2 class=\"elementor-heading-title elementor-size-default\">Automa\u00e7\u00e3o de Processos RPA agora est\u00e1 ao seu alcance.<\/h2>\t\t<\/div>\n\t\t\t\t<\/div>\n\t\t\t\t<div class=\"elementor-element elementor-element-8a2545d elementor-widget elementor-widget-text-editor\" data-id=\"8a2545d\" data-element_type=\"widget\" data-widget_type=\"text-editor.default\">\n\t\t\t\t<div class=\"elementor-widget-container\">\n\t\t\t\t\t\t\t\t<div class=\"elementor-text-editor elementor-clearfix\">\n\t\t\t\t<p class=\"has-grande-font-size\">O RPA (Robotic Process Automation) \u00e9 um\u00a0<strong>rob\u00f4 de software<\/strong>\u00a0que pode realizar as mesmas tarefas que um ser humano faria em um sistema.<\/p><div class=\"wp-block-spacer\" aria-hidden=\"true\">\u00a0<\/div><p class=\"has-grande-font-size\">O rob\u00f4 age como um\u00a0<strong>colaborador digital<\/strong>, operando\u00a0<strong>24\u00d77<\/strong>, e ainda com precis\u00e3o e maior velocidade.<\/p><div class=\"wp-block-spacer\" aria-hidden=\"true\">\u00a0<\/div><p class=\"has-grande-font-size\">Assim como uma macro que\u00a0<strong>automatiza opera\u00e7\u00f5es<\/strong>\u00a0em uma planilha, o RPA pode automatizar opera\u00e7\u00f5es integrando qualquer sistema, site ou documento digital.<\/p>\t\t\t\t\t<\/div>\n\t\t\t\t\t\t<\/div>\n\t\t\t\t<\/div>\n\t\t\t\t\t\t<\/div>\n\t\t\t\t\t<\/div>\n\t\t<\/div>\n\t\t\t\t\t\t\t\t<\/div>\n\t\t\t\t\t<\/div>\n\t\t<\/section>\n\t\t\t\t<section data-particle_enable=\"false\" data-particle-mobile-disabled=\"false\" class=\"elementor-section elementor-top-section elementor-element elementor-element-42a780e elementor-section-boxed elementor-section-height-default elementor-section-height-default\" data-id=\"42a780e\" data-element_type=\"section\" data-settings=\"{&quot;_ha_eqh_enable&quot;:false}\">\n\t\t\t\t\t\t<div class=\"elementor-container elementor-column-gap-default\">\n\t\t\t\t\t\t\t<div class=\"elementor-row\">\n\t\t\t\t\t<div class=\"elementor-column elementor-col-50 elementor-top-column elementor-element elementor-element-e1892ea\" data-id=\"e1892ea\" data-element_type=\"column\">\n\t\t\t<div class=\"elementor-column-wrap elementor-element-populated\">\n\t\t\t\t\t\t\t<div class=\"elementor-widget-wrap\">\n\t\t\t\t\t\t<div class=\"elementor-element elementor-element-b563c82 elementor-widget elementor-widget-image\" data-id=\"b563c82\" data-element_type=\"widget\" data-widget_type=\"image.default\">\n\t\t\t\t<div class=\"elementor-widget-container\">\n\t\t\t\t\t\t\t\t<div class=\"elementor-image\">\n\t\t\t\t\t\t\t\t\t\t\t\t<img loading=\"lazy\" decoding=\"async\" width=\"569\" height=\"401\" src=\"https:\/\/www.tab.pro.br\/wp-content\/uploads\/2022\/10\/Ativo-2-1.png\" class=\"attachment-large size-large\" alt=\"\" srcset=\"https:\/\/www.tab.pro.br\/wp-content\/uploads\/2022\/10\/Ativo-2-1.png 569w, https:\/\/www.tab.pro.br\/wp-content\/uploads\/2022\/10\/Ativo-2-1-300x211.png 300w\" sizes=\"(max-width: 569px) 100vw, 569px\" \/>\t\t\t\t\t\t\t\t\t\t\t\t\t\t<\/div>\n\t\t\t\t\t\t<\/div>\n\t\t\t\t<\/div>\n\t\t\t\t\t\t<\/div>\n\t\t\t\t\t<\/div>\n\t\t<\/div>\n\t\t\t\t<div class=\"elementor-column elementor-col-50 elementor-top-column elementor-element elementor-element-1e9ac29\" data-id=\"1e9ac29\" data-element_type=\"column\">\n\t\t\t<div class=\"elementor-column-wrap elementor-element-populated\">\n\t\t\t\t\t\t\t<div class=\"elementor-widget-wrap\">\n\t\t\t\t\t\t<div class=\"elementor-element elementor-element-8a0e2e4 elementor-widget elementor-widget-heading\" data-id=\"8a0e2e4\" data-element_type=\"widget\" data-widget_type=\"heading.default\">\n\t\t\t\t<div class=\"elementor-widget-container\">\n\t\t\t<h2 class=\"elementor-heading-title elementor-size-default\">O que \u00e9 RPA?<\/h2>\t\t<\/div>\n\t\t\t\t<\/div>\n\t\t\t\t<div class=\"elementor-element elementor-element-7062b3c elementor-widget elementor-widget-heading\" data-id=\"7062b3c\" data-element_type=\"widget\" data-widget_type=\"heading.default\">\n\t\t\t\t<div class=\"elementor-widget-container\">\n\t\t\t<h5 class=\"elementor-heading-title elementor-size-default\">RPA \u00e9 a base para a transforma\u00e7\u00e3o digital<\/h5>\t\t<\/div>\n\t\t\t\t<\/div>\n\t\t\t\t<div class=\"elementor-element elementor-element-a0d67ab elementor-widget elementor-widget-text-editor\" data-id=\"a0d67ab\" data-element_type=\"widget\" data-widget_type=\"text-editor.default\">\n\t\t\t\t<div class=\"elementor-widget-container\">\n\t\t\t\t\t\t\t\t<div class=\"elementor-text-editor elementor-clearfix\">\n\t\t\t\t<p>Permite automatizar qualquer tarefa repetitiva que seja executada por um humano.<\/p>\t\t\t\t\t<\/div>\n\t\t\t\t\t\t<\/div>\n\t\t\t\t<\/div>\n\t\t\t\t\t\t<\/div>\n\t\t\t\t\t<\/div>\n\t\t<\/div>\n\t\t\t\t\t\t\t\t<\/div>\n\t\t\t\t\t<\/div>\n\t\t<\/section>\n\t\t\t\t<section data-particle_enable=\"false\" data-particle-mobile-disabled=\"false\" class=\"elementor-section elementor-top-section elementor-element elementor-element-2158e22 elementor-section-boxed elementor-section-height-default elementor-section-height-default elementor-invisible\" data-id=\"2158e22\" data-element_type=\"section\" data-settings=\"{&quot;background_background&quot;:&quot;classic&quot;,&quot;animation&quot;:&quot;fadeInUp&quot;,&quot;_ha_eqh_enable&quot;:false}\">\n\t\t\t\t\t\t\t<div class=\"elementor-background-overlay\"><\/div>\n\t\t\t\t\t\t\t<div class=\"elementor-container elementor-column-gap-default\">\n\t\t\t\t\t\t\t<div class=\"elementor-row\">\n\t\t\t\t\t<div class=\"elementor-column elementor-col-50 elementor-top-column elementor-element elementor-element-0e5f757\" data-id=\"0e5f757\" data-element_type=\"column\">\n\t\t\t<div class=\"elementor-column-wrap elementor-element-populated\">\n\t\t\t\t\t\t\t<div class=\"elementor-widget-wrap\">\n\t\t\t\t\t\t<div class=\"elementor-element elementor-element-2c4b960 elementor-widget elementor-widget-heading\" data-id=\"2c4b960\" data-element_type=\"widget\" data-widget_type=\"heading.default\">\n\t\t\t\t<div class=\"elementor-widget-container\">\n\t\t\t<h2 class=\"elementor-heading-title elementor-size-default\">Atendimento para todo o Brasil<\/h2>\t\t<\/div>\n\t\t\t\t<\/div>\n\t\t\t\t\t\t<\/div>\n\t\t\t\t\t<\/div>\n\t\t<\/div>\n\t\t\t\t<div class=\"elementor-column elementor-col-50 elementor-top-column elementor-element elementor-element-90d8a56\" data-id=\"90d8a56\" data-element_type=\"column\">\n\t\t\t<div class=\"elementor-column-wrap elementor-element-populated\">\n\t\t\t\t\t\t\t<div class=\"elementor-widget-wrap\">\n\t\t\t\t\t\t<div class=\"elementor-element elementor-element-5cd83bc elementor-widget elementor-widget-eael-creative-button\" data-id=\"5cd83bc\" data-element_type=\"widget\" data-widget_type=\"eael-creative-button.default\">\n\t\t\t\t<div class=\"elementor-widget-container\">\n\t\t\t        <div class=\"eael-creative-button-wrapper\">\n\n            <a class=\"eael-creative-button eael-creative-button--default\" href=\"http:\/\/wa.me\/+5585981835308\" data-text=\"Go!\">\n\n                <div class=\"creative-button-inner\">\n\n                                            <span class=\"eael-creative-button-icon-left\"><i aria-hidden=\"true\" class=\"fab fa-whatsapp\"><\/i><\/span>                    \n                    <span class=\"cretive-button-text\">FALE COM UM DE NOSSOS CONSULTORES<\/span>\n\n                                    <\/div>\n            <\/a>\n        <\/div>\n\t\t<\/div>\n\t\t\t\t<\/div>\n\t\t\t\t\t\t<\/div>\n\t\t\t\t\t<\/div>\n\t\t<\/div>\n\t\t\t\t\t\t\t\t<\/div>\n\t\t\t\t\t<\/div>\n\t\t<\/section>\n\t\t\t\t<section data-particle_enable=\"false\" data-particle-mobile-disabled=\"false\" class=\"elementor-section elementor-top-section elementor-element elementor-element-55cbd42 elementor-section-boxed elementor-section-height-default elementor-section-height-default\" data-id=\"55cbd42\" data-element_type=\"section\" data-settings=\"{&quot;background_background&quot;:&quot;classic&quot;,&quot;_ha_eqh_enable&quot;:false}\">\n\t\t\t\t\t\t<div class=\"elementor-container elementor-column-gap-default\">\n\t\t\t\t\t\t\t<div class=\"elementor-row\">\n\t\t\t\t\t<div class=\"elementor-column elementor-col-100 elementor-top-column elementor-element elementor-element-b09c091\" data-id=\"b09c091\" data-element_type=\"column\">\n\t\t\t<div class=\"elementor-column-wrap elementor-element-populated\">\n\t\t\t\t\t\t\t<div class=\"elementor-widget-wrap\">\n\t\t\t\t\t\t<div class=\"elementor-element elementor-element-68a0411 elementor-widget elementor-widget-heading\" data-id=\"68a0411\" data-element_type=\"widget\" data-widget_type=\"heading.default\">\n\t\t\t\t<div class=\"elementor-widget-container\">\n\t\t\t<h2 class=\"elementor-heading-title elementor-size-default\">Materiais em destaque<\/h2>\t\t<\/div>\n\t\t\t\t<\/div>\n\t\t\t\t<div class=\"elementor-element elementor-element-a6866ef elementor-posts--align-left elementor-grid-3 elementor-grid-tablet-2 elementor-grid-mobile-1 elementor-posts--thumbnail-top elementor-card-shadow-yes elementor-posts__hover-gradient elementor-widget elementor-widget-posts\" data-id=\"a6866ef\" data-element_type=\"widget\" data-settings=\"{&quot;cards_masonry&quot;:&quot;yes&quot;,&quot;cards_columns&quot;:&quot;3&quot;,&quot;cards_columns_tablet&quot;:&quot;2&quot;,&quot;cards_columns_mobile&quot;:&quot;1&quot;,&quot;cards_row_gap&quot;:{&quot;unit&quot;:&quot;px&quot;,&quot;size&quot;:35,&quot;sizes&quot;:[]},&quot;cards_row_gap_tablet&quot;:{&quot;unit&quot;:&quot;px&quot;,&quot;size&quot;:&quot;&quot;,&quot;sizes&quot;:[]},&quot;cards_row_gap_mobile&quot;:{&quot;unit&quot;:&quot;px&quot;,&quot;size&quot;:&quot;&quot;,&quot;sizes&quot;:[]}}\" data-widget_type=\"posts.cards\">\n\t\t\t\t<div class=\"elementor-widget-container\">\n\t\t\t\t\t<div class=\"elementor-posts-container elementor-posts elementor-posts--skin-cards elementor-grid\">\n\t\t\t\t<article class=\"elementor-post elementor-grid-item post-4352 post type-post status-publish format-standard has-post-thumbnail hentry category-downloads\">\n\t\t\t<div class=\"elementor-post__card\">\n\t\t\t\t<a class=\"elementor-post__thumbnail__link\" href=\"https:\/\/www.tab.pro.br\/index.php\/2024\/03\/18\/o-guia-completo-para-gerenciamento-de-fornecedores-3\/\" ><div class=\"elementor-post__thumbnail\"><img loading=\"lazy\" decoding=\"async\" width=\"2000\" height=\"1333\" src=\"https:\/\/www.tab.pro.br\/wp-content\/uploads\/2024\/03\/image.png\" class=\"attachment-2048x2048 size-2048x2048\" alt=\"\" srcset=\"https:\/\/www.tab.pro.br\/wp-content\/uploads\/2024\/03\/image.png 2000w, https:\/\/www.tab.pro.br\/wp-content\/uploads\/2024\/03\/image-300x200.png 300w, https:\/\/www.tab.pro.br\/wp-content\/uploads\/2024\/03\/image-1024x682.png 1024w, https:\/\/www.tab.pro.br\/wp-content\/uploads\/2024\/03\/image-768x512.png 768w, https:\/\/www.tab.pro.br\/wp-content\/uploads\/2024\/03\/image-1536x1024.png 1536w\" sizes=\"(max-width: 2000px) 100vw, 2000px\" \/><\/div><\/a>\n\t\t\t\t<div class=\"elementor-post__text\">\n\t\t\t\t<h3 class=\"elementor-post__title\">\n\t\t\t<a href=\"https:\/\/www.tab.pro.br\/index.php\/2024\/03\/18\/o-guia-completo-para-gerenciamento-de-fornecedores-3\/\" >\n\t\t\t\tComo aprimorar a gest\u00e3o da qualidade em sua empresa \u200b\t\t\t<\/a>\n\t\t<\/h3>\n\t\t\n\t\t<a class=\"elementor-post__read-more\" href=\"https:\/\/www.tab.pro.br\/index.php\/2024\/03\/18\/o-guia-completo-para-gerenciamento-de-fornecedores-3\/\" >\n\t\t\tLEIA MAIS\t\t<\/a>\n\n\t\t\t\t<\/div>\n\t\t\t\t\t<\/div>\n\t\t<\/article>\n\t\t\t\t<article class=\"elementor-post elementor-grid-item post-4235 post type-post status-publish format-standard has-post-thumbnail hentry category-downloads\">\n\t\t\t<div class=\"elementor-post__card\">\n\t\t\t\t<a class=\"elementor-post__thumbnail__link\" href=\"https:\/\/www.tab.pro.br\/index.php\/2023\/06\/12\/o-guia-completo-para-gerenciamento-de-fornecedores-2\/\" ><div class=\"elementor-post__thumbnail\"><img loading=\"lazy\" decoding=\"async\" width=\"267\" height=\"153\" src=\"https:\/\/www.tab.pro.br\/wp-content\/uploads\/2023\/06\/Topo-Fornecedores-20-1.png\" class=\"attachment-2048x2048 size-2048x2048\" alt=\"\" \/><\/div><\/a>\n\t\t\t\t<div class=\"elementor-post__text\">\n\t\t\t\t<h3 class=\"elementor-post__title\">\n\t\t\t<a href=\"https:\/\/www.tab.pro.br\/index.php\/2023\/06\/12\/o-guia-completo-para-gerenciamento-de-fornecedores-2\/\" >\n\t\t\t\tO guia completo para gerenciamento de fornecedores\t\t\t<\/a>\n\t\t<\/h3>\n\t\t\n\t\t<a class=\"elementor-post__read-more\" href=\"https:\/\/www.tab.pro.br\/index.php\/2023\/06\/12\/o-guia-completo-para-gerenciamento-de-fornecedores-2\/\" >\n\t\t\tLEIA MAIS\t\t<\/a>\n\n\t\t\t\t<\/div>\n\t\t\t\t\t<\/div>\n\t\t<\/article>\n\t\t\t\t<article class=\"elementor-post elementor-grid-item post-4215 post type-post status-publish format-standard has-post-thumbnail hentry category-downloads\">\n\t\t\t<div class=\"elementor-post__card\">\n\t\t\t\t<a class=\"elementor-post__thumbnail__link\" href=\"https:\/\/www.tab.pro.br\/index.php\/2023\/03\/31\/14-passos-rumo-a-sustentabilidade\/\" ><div class=\"elementor-post__thumbnail\"><img loading=\"lazy\" decoding=\"async\" width=\"266\" height=\"153\" src=\"https:\/\/www.tab.pro.br\/wp-content\/uploads\/2023\/03\/top-14-passos-rumo-a-sustentabilidade.jpg.png\" class=\"attachment-2048x2048 size-2048x2048\" alt=\"\" \/><\/div><\/a>\n\t\t\t\t<div class=\"elementor-post__text\">\n\t\t\t\t<h3 class=\"elementor-post__title\">\n\t\t\t<a href=\"https:\/\/www.tab.pro.br\/index.php\/2023\/03\/31\/14-passos-rumo-a-sustentabilidade\/\" >\n\t\t\t\t14 passos rumo \u00e0 sustentabilidade\u200b\t\t\t<\/a>\n\t\t<\/h3>\n\t\t\n\t\t<a class=\"elementor-post__read-more\" href=\"https:\/\/www.tab.pro.br\/index.php\/2023\/03\/31\/14-passos-rumo-a-sustentabilidade\/\" >\n\t\t\tLEIA MAIS\t\t<\/a>\n\n\t\t\t\t<\/div>\n\t\t\t\t\t<\/div>\n\t\t<\/article>\n\t\t\t\t<\/div>\n\n\n\t\t\n\t\t\t\t<\/div>\n\t\t\t\t<\/div>\n\t\t\t\t\t\t<\/div>\n\t\t\t\t\t<\/div>\n\t\t<\/div>\n\t\t\t\t\t\t\t\t<\/div>\n\t\t\t\t\t<\/div>\n\t\t<\/section>\n\t\t\t\t\t\t\t\t\t<\/div>\n\t\t\t<\/div>\n\t\t\t\t\t<\/div>\n\t\t","protected":false},"excerpt":{"rendered":"<p>Automa\u00e7\u00e3o de Processos RPA agora est\u00e1 ao seu alcance. Ganhe velocidade na transforma\u00e7\u00e3o dos processos e impulsione os resultados da sua empresa com a automa\u00e7\u00e3o<\/p>\n","protected":false},"author":7,"featured_media":0,"parent":0,"menu_order":0,"comment_status":"closed","ping_status":"closed","template":"elementor_header_footer","meta":{"footnotes":""},"_links":{"self":[{"href":"https:\/\/www.tab.pro.br\/index.php\/wp-json\/wp\/v2\/pages\/4003"}],"collection":[{"href":"https:\/\/www.tab.pro.br\/index.php\/wp-json\/wp\/v2\/pages"}],"about":[{"href":"https:\/\/www.tab.pro.br\/index.php\/wp-json\/wp\/v2\/types\/page"}],"author":[{"embeddable":true,"href":"https:\/\/www.tab.pro.br\/index.php\/wp-json\/wp\/v2\/users\/7"}],"replies":[{"embeddable":true,"href":"https:\/\/www.tab.pro.br\/index.php\/wp-json\/wp\/v2\/comments?post=4003"}],"version-history":[{"count":22,"href":"https:\/\/www.tab.pro.br\/index.php\/wp-json\/wp\/v2\/pages\/4003\/revisions"}],"predecessor-version":[{"id":4025,"href":"https:\/\/www.tab.pro.br\/index.php\/wp-json\/wp\/v2\/pages\/4003\/revisions\/4025"}],"wp:attachment":[{"href":"https:\/\/www.tab.pro.br\/index.php\/wp-json\/wp\/v2\/media?parent=4003"}],"curies":[{"name":"wp","href":"https:\/\/api.w.org\/{rel}","templated":true}]}}