{"id":87,"date":"2019-02-18T08:41:49","date_gmt":"2019-02-18T08:41:49","guid":{"rendered":"http:\/\/commonsupport.net\/newwp\/alfena\/?page_id=87"},"modified":"2023-03-21T15:13:16","modified_gmt":"2023-03-21T18:13:16","slug":"contact","status":"publish","type":"page","link":"https:\/\/www.tab.pro.br\/index.php\/contact\/","title":{"rendered":"Contact"},"content":{"rendered":"\t\t<div data-elementor-type=\"wp-page\" data-elementor-id=\"87\" class=\"elementor elementor-87\">\n\t\t\t\t\t\t<div class=\"elementor-inner\">\n\t\t\t\t<div class=\"elementor-section-wrap\">\n\t\t\t\t\t\t\t\t\t<section data-particle_enable=\"false\" data-particle-mobile-disabled=\"false\" class=\"elementor-section elementor-top-section elementor-element elementor-element-e5c8811 elementor-section-boxed elementor-section-height-default elementor-section-height-default\" data-id=\"e5c8811\" data-element_type=\"section\" data-settings=\"{&quot;background_background&quot;:&quot;classic&quot;,&quot;_ha_eqh_enable&quot;:false}\">\n\t\t\t\t\t\t<div class=\"elementor-container elementor-column-gap-default\">\n\t\t\t\t\t\t\t<div class=\"elementor-row\">\n\t\t\t\t\t<div class=\"elementor-column elementor-col-100 elementor-top-column elementor-element elementor-element-56e3fca\" data-id=\"56e3fca\" data-element_type=\"column\">\n\t\t\t<div class=\"elementor-column-wrap elementor-element-populated\">\n\t\t\t\t\t\t\t<div class=\"elementor-widget-wrap\">\n\t\t\t\t\t\t<div class=\"elementor-element elementor-element-40e8ea4 elementor-widget elementor-widget-heading\" data-id=\"40e8ea4\" data-element_type=\"widget\" data-widget_type=\"heading.default\">\n\t\t\t\t<div class=\"elementor-widget-container\">\n\t\t\t<h2 class=\"elementor-heading-title elementor-size-default\">Fale conosco<\/h2>\t\t<\/div>\n\t\t\t\t<\/div>\n\t\t\t\t<div class=\"elementor-element elementor-element-34819dc elementor-widget elementor-widget-text-editor\" data-id=\"34819dc\" data-element_type=\"widget\" data-widget_type=\"text-editor.default\">\n\t\t\t\t<div class=\"elementor-widget-container\">\n\t\t\t\t\t\t\t\t<div class=\"elementor-text-editor elementor-clearfix\">\n\t\t\t\t<p>Entre em contato para tirar d\u00favidas ou agendar uma apresenta\u00e7\u00e3o\u00a0<\/p>\t\t\t\t\t<\/div>\n\t\t\t\t\t\t<\/div>\n\t\t\t\t<\/div>\n\t\t\t\t<div class=\"elementor-element elementor-element-fc49458 elementor-button-align-stretch elementor-widget elementor-widget-form\" data-id=\"fc49458\" data-element_type=\"widget\" data-settings=\"{&quot;step_next_label&quot;:&quot;Next&quot;,&quot;step_previous_label&quot;:&quot;Previous&quot;,&quot;button_width&quot;:&quot;100&quot;,&quot;step_type&quot;:&quot;number_text&quot;,&quot;step_icon_shape&quot;:&quot;circle&quot;}\" data-widget_type=\"form.default\">\n\t\t\t\t<div class=\"elementor-widget-container\">\n\t\t\t\t\t<form class=\"elementor-form\" method=\"post\" name=\"New Form\">\n\t\t\t<input type=\"hidden\" name=\"post_id\" value=\"87\"\/>\n\t\t\t<input type=\"hidden\" name=\"form_id\" value=\"fc49458\"\/>\n\t\t\t<input type=\"hidden\" name=\"referer_title\" value=\"\" \/>\n\n\t\t\t\n\t\t\t<div class=\"elementor-form-fields-wrapper elementor-labels-above\">\n\t\t\t\t\t\t\t\t<div class=\"elementor-field-type-email elementor-field-group elementor-column elementor-field-group-email elementor-col-100 elementor-field-required\">\n\t\t\t\t\t\t\t\t\t\t\t\t<label for=\"form-field-email\" class=\"elementor-field-label\">\n\t\t\t\t\t\t\t\tE-mail*\t\t\t\t\t\t\t<\/label>\n\t\t\t\t\t\t\t\t\t\t\t\t\t\t<input size=\"1\" type=\"email\" name=\"form_fields[email]\" id=\"form-field-email\" class=\"elementor-field elementor-size-sm  elementor-field-textual\" placeholder=\"E-mail*\" required=\"required\" aria-required=\"true\">\n\t\t\t\t\t\t\t\t\t\t\t<\/div>\n\t\t\t\t\t\t\t\t<div class=\"elementor-field-type-text elementor-field-group elementor-column elementor-field-group-name elementor-col-100 elementor-field-required\">\n\t\t\t\t\t\t\t\t\t\t\t\t<label for=\"form-field-name\" class=\"elementor-field-label\">\n\t\t\t\t\t\t\t\tNome completo*\t\t\t\t\t\t\t<\/label>\n\t\t\t\t\t\t\t\t\t\t\t\t\t\t<input size=\"1\" type=\"text\" name=\"form_fields[name]\" id=\"form-field-name\" class=\"elementor-field elementor-size-sm  elementor-field-textual\" placeholder=\"Name\" required=\"required\" aria-required=\"true\">\n\t\t\t\t\t\t\t\t\t\t\t<\/div>\n\t\t\t\t\t\t\t\t<div class=\"elementor-field-type-text elementor-field-group elementor-column elementor-field-group-message elementor-col-100 elementor-field-required\">\n\t\t\t\t\t\t\t\t\t\t\t\t<label for=\"form-field-message\" class=\"elementor-field-label\">\n\t\t\t\t\t\t\t\tCargo*\t\t\t\t\t\t\t<\/label>\n\t\t\t\t\t\t\t\t\t\t\t\t\t\t<input size=\"1\" type=\"text\" name=\"form_fields[message]\" id=\"form-field-message\" class=\"elementor-field elementor-size-sm  elementor-field-textual\" placeholder=\"Cargo\" required=\"required\" aria-required=\"true\">\n\t\t\t\t\t\t\t\t\t\t\t<\/div>\n\t\t\t\t\t\t\t\t<div class=\"elementor-field-type-tel elementor-field-group elementor-column elementor-field-group-field_c4455dd elementor-col-100 elementor-field-required\">\n\t\t\t\t\t\t\t\t\t\t\t\t<label for=\"form-field-field_c4455dd\" class=\"elementor-field-label\">\n\t\t\t\t\t\t\t\tTelefone*\t\t\t\t\t\t\t<\/label>\n\t\t\t\t\t\t\t\t<input size=\"1\" type=\"tel\" name=\"form_fields[field_c4455dd]\" id=\"form-field-field_c4455dd\" class=\"elementor-field elementor-size-sm  elementor-field-textual\" placeholder=\"Telefone\" required=\"required\" aria-required=\"true\" pattern=\"[0-9()#&amp;+*-=.]+\" title=\"Only numbers and phone characters (#, -, *, etc) are accepted.\">\n\n\t\t\t\t\t\t<\/div>\n\t\t\t\t\t\t\t\t<div class=\"elementor-field-type-text elementor-field-group elementor-column elementor-field-group-field_9122065 elementor-col-100 elementor-field-required\">\n\t\t\t\t\t\t\t\t\t\t\t\t<label for=\"form-field-field_9122065\" class=\"elementor-field-label\">\n\t\t\t\t\t\t\t\tEmpresa*\t\t\t\t\t\t\t<\/label>\n\t\t\t\t\t\t\t\t\t\t\t\t\t\t<input size=\"1\" type=\"text\" name=\"form_fields[field_9122065]\" id=\"form-field-field_9122065\" class=\"elementor-field elementor-size-sm  elementor-field-textual\" placeholder=\"Empresa\" required=\"required\" aria-required=\"true\">\n\t\t\t\t\t\t\t\t\t\t\t<\/div>\n\t\t\t\t\t\t\t\t<div class=\"elementor-field-type-select elementor-field-group elementor-column elementor-field-group-field_6568dc6 elementor-col-100 elementor-field-required\">\n\t\t\t\t\t\t\t\t\t\t\t\t<label for=\"form-field-field_6568dc6\" class=\"elementor-field-label\">\n\t\t\t\t\t\t\t\tInd\u00fastria*\t\t\t\t\t\t\t<\/label>\n\t\t\t\t\t\t\t\t<div class=\"elementor-field elementor-select-wrapper \">\n\t\t\t<select name=\"form_fields[field_6568dc6]\" id=\"form-field-field_6568dc6\" class=\"elementor-field-textual elementor-size-sm\" required=\"required\" aria-required=\"true\">\n\t\t\t\t\t\t\t\t\t<option value=\" Agroneg\u00f3cio\">Agroneg\u00f3cio <\/option>\n\t\t\t\t\t\t\t\t\t<option value=\" Alimentos e Bebidas\">Alimentos e Bebidas <\/option>\n\t\t\t\t\t\t\t\t\t<option value=\" Arquitetura, Engenharia e Constru\u00e7\u00e3o\">Arquitetura, Engenharia e Constru\u00e7\u00e3o <\/option>\n\t\t\t\t\t\t\t\t\t<option value=\" Automotivo \">Automotivo <\/option>\n\t\t\t\t\t\t\t\t\t<option value=\" Bens de Consumo\">Bens de Consumo <\/option>\n\t\t\t\t\t\t\t\t\t<option value=\" Consultoria \">Consultoria <\/option>\n\t\t\t\t\t\t\t\t\t<option value=\" Defesa \">Defesa <\/option>\n\t\t\t\t\t\t\t\t\t<option value=\" Educa\u00e7\u00e3o \">Educa\u00e7\u00e3o <\/option>\n\t\t\t\t\t\t\t\t\t<option value=\" Energia e Utilidade P\u00fablica\">Energia e Utilidade P\u00fablica <\/option>\n\t\t\t\t\t\t\t\t\t<option value=\" Equipamentos M\u00e9dicos\">Equipamentos M\u00e9dicos <\/option>\n\t\t\t\t\t\t\t\t\t<option value=\" Farmac\u00eautico e Biotecnologia\">Farmac\u00eautico e Biotecnologia <\/option>\n\t\t\t\t\t\t\t\t\t<option value=\" Hospitais e Laborat\u00f3rios\">Hospitais e Laborat\u00f3rios <\/option>\n\t\t\t\t\t\t\t\t\t<option value=\" Minera\u00e7\u00e3o e Metalurgia\">Minera\u00e7\u00e3o e Metalurgia <\/option>\n\t\t\t\t\t\t\t\t\t<option value=\" Metalurgia \">Metalurgia <\/option>\n\t\t\t\t\t\t\t\t\t<option value=\" \u00d3leo e G\u00e1s\">\u00d3leo e G\u00e1s <\/option>\n\t\t\t\t\t\t\t\t\t<option value=\" Produtos Qu\u00edmicos\">Produtos Qu\u00edmicos <\/option>\n\t\t\t\t\t\t\t\t\t<option value=\" Servi\u00e7os \">Servi\u00e7os <\/option>\n\t\t\t\t\t\t\t\t\t<option value=\" Servi\u00e7os Financeiros\">Servi\u00e7os Financeiros <\/option>\n\t\t\t\t\t\t\t\t\t<option value=\" Setor P\u00fablico\">Setor P\u00fablico <\/option>\n\t\t\t\t\t\t\t\t\t<option value=\" TI e Software\">TI e Software <\/option>\n\t\t\t\t\t\t\t\t\t<option value=\" Transporte e Log\u00edstica\">Transporte e Log\u00edstica <\/option>\n\t\t\t\t\t\t\t<\/select>\n\t\t<\/div>\n\t\t\t\t\t\t<\/div>\n\t\t\t\t\t\t\t\t<div class=\"elementor-field-type-select elementor-field-group elementor-column elementor-field-group-field_62a8c71 elementor-col-100 elementor-field-required\">\n\t\t\t\t\t\t\t\t\t\t\t\t<label for=\"form-field-field_62a8c71\" class=\"elementor-field-label\">\n\t\t\t\t\t\t\t\tEstado*\t\t\t\t\t\t\t<\/label>\n\t\t\t\t\t\t\t\t<div class=\"elementor-field elementor-select-wrapper \">\n\t\t\t<select name=\"form_fields[field_62a8c71]\" id=\"form-field-field_62a8c71\" class=\"elementor-field-textual elementor-size-sm\" required=\"required\" aria-required=\"true\">\n\t\t\t\t\t\t\t\t\t<option value=\" Acre \">Acre <\/option>\n\t\t\t\t\t\t\t\t\t<option value=\" Alagoas \">Alagoas <\/option>\n\t\t\t\t\t\t\t\t\t<option value=\" Amap\u00e1 \">Amap\u00e1 <\/option>\n\t\t\t\t\t\t\t\t\t<option value=\" Amazonas \">Amazonas <\/option>\n\t\t\t\t\t\t\t\t\t<option value=\" Bahia \">Bahia <\/option>\n\t\t\t\t\t\t\t\t\t<option value=\" Cear\u00e1 \">Cear\u00e1 <\/option>\n\t\t\t\t\t\t\t\t\t<option value=\" Distrito Federal\">Distrito Federal <\/option>\n\t\t\t\t\t\t\t\t\t<option value=\" Esp\u00edrito Santo\">Esp\u00edrito Santo <\/option>\n\t\t\t\t\t\t\t\t\t<option value=\" Goi\u00e1s \">Goi\u00e1s <\/option>\n\t\t\t\t\t\t\t\t\t<option value=\" Maranh\u00e3o \">Maranh\u00e3o <\/option>\n\t\t\t\t\t\t\t\t\t<option value=\" Mato Grosso\">Mato Grosso <\/option>\n\t\t\t\t\t\t\t\t\t<option value=\" Mato Grosso do Sul\">Mato Grosso do Sul <\/option>\n\t\t\t\t\t\t\t\t\t<option value=\" Minas Gerais\">Minas Gerais <\/option>\n\t\t\t\t\t\t\t\t\t<option value=\" Par\u00e1 \">Par\u00e1 <\/option>\n\t\t\t\t\t\t\t\t\t<option value=\" Paraiba \">Paraiba <\/option>\n\t\t\t\t\t\t\t\t\t<option value=\" Paran\u00e1 \">Paran\u00e1 <\/option>\n\t\t\t\t\t\t\t\t\t<option value=\" Pernambuco \">Pernambuco <\/option>\n\t\t\t\t\t\t\t\t\t<option value=\" Piau\u00ed \">Piau\u00ed <\/option>\n\t\t\t\t\t\t\t\t\t<option value=\" Rio de Janeiro\">Rio de Janeiro <\/option>\n\t\t\t\t\t\t\t\t\t<option value=\" Rio Grande do Norte\">Rio Grande do Norte <\/option>\n\t\t\t\t\t\t\t\t\t<option value=\" Rio Grande do Sul\">Rio Grande do Sul <\/option>\n\t\t\t\t\t\t\t\t\t<option value=\" Rond\u00f4nia \">Rond\u00f4nia <\/option>\n\t\t\t\t\t\t\t\t\t<option value=\" Ror\u00e2ima \">Ror\u00e2ima <\/option>\n\t\t\t\t\t\t\t\t\t<option value=\" Santa Catarina\">Santa Catarina <\/option>\n\t\t\t\t\t\t\t\t\t<option value=\" S\u00e3o Paulo\">S\u00e3o Paulo <\/option>\n\t\t\t\t\t\t\t\t\t<option value=\" Sergipe \">Sergipe <\/option>\n\t\t\t\t\t\t\t\t\t<option value=\" Tocantins \">Tocantins <\/option>\n\t\t\t\t\t\t\t<\/select>\n\t\t<\/div>\n\t\t\t\t\t\t<\/div>\n\t\t\t\t\t\t\t\t<div class=\"elementor-field-type-select elementor-field-group elementor-column elementor-field-group-field_33746ca elementor-col-100 elementor-field-required\">\n\t\t\t\t\t\t\t\t\t\t\t\t<label for=\"form-field-field_33746ca\" class=\"elementor-field-label\">\n\t\t\t\t\t\t\t\tNecessidade de compra de uma solu\u00e7\u00e3o*\t\t\t\t\t\t\t<\/label>\n\t\t\t\t\t\t\t\t<div class=\"elementor-field elementor-select-wrapper \">\n\t\t\t<select name=\"form_fields[field_33746ca]\" id=\"form-field-field_33746ca\" class=\"elementor-field-textual elementor-size-sm\" required=\"required\" aria-required=\"true\">\n\t\t\t\t\t\t\t\t\t<option value=\" Imediatamente\">Imediatamente<\/option>\n\t\t\t\t\t\t\t\t\t<option value=\" 1-3 meses\">1-3 meses <\/option>\n\t\t\t\t\t\t\t\t\t<option value=\" 4-6 meses\">4-6 meses <\/option>\n\t\t\t\t\t\t\t\t\t<option value=\" 7-12 meses\">7-12 meses <\/option>\n\t\t\t\t\t\t\t\t\t<option value=\" 12 meses\">12 meses <\/option>\n\t\t\t\t\t\t\t\t\t<option value=\" Apenas pesquisando\">Apenas pesquisando <\/option>\n\t\t\t\t\t\t\t<\/select>\n\t\t<\/div>\n\t\t\t\t\t\t<\/div>\n\t\t\t\t\t\t\t\t<div class=\"elementor-field-group elementor-column elementor-field-type-submit elementor-col-100 e-form__buttons\">\n\t\t\t\t\t<button type=\"submit\" class=\"elementor-button elementor-size-sm\">\n\t\t\t\t\t\t<span >\n\t\t\t\t\t\t\t\t\t\t\t\t\t\t\t<span class=\" elementor-button-icon\">\n\t\t\t\t\t\t\t\t\t\t\t\t\t\t\t\t\t\t\t\t\t\t\t\t\t\t<\/span>\n\t\t\t\t\t\t\t\t\t\t\t\t\t\t\t\t\t\t\t\t\t\t<span class=\"elementor-button-text\">Enviar<\/span>\n\t\t\t\t\t\t\t\t\t\t\t\t\t<\/span>\n\t\t\t\t\t<\/button>\n\t\t\t\t<\/div>\n\t\t\t<\/div>\n\t\t<\/form>\n\t\t\t\t<\/div>\n\t\t\t\t<\/div>\n\t\t\t\t\t\t<\/div>\n\t\t\t\t\t<\/div>\n\t\t<\/div>\n\t\t\t\t\t\t\t\t<\/div>\n\t\t\t\t\t<\/div>\n\t\t<\/section>\n\t\t\t\t<section data-particle_enable=\"false\" data-particle-mobile-disabled=\"false\" class=\"elementor-section elementor-top-section elementor-element elementor-element-66a363d elementor-section-boxed elementor-section-height-default elementor-section-height-default\" data-id=\"66a363d\" data-element_type=\"section\" data-settings=\"{&quot;background_background&quot;:&quot;classic&quot;,&quot;_ha_eqh_enable&quot;:false}\">\n\t\t\t\t\t\t\t<div class=\"elementor-background-overlay\"><\/div>\n\t\t\t\t\t\t\t<div class=\"elementor-container elementor-column-gap-default\">\n\t\t\t\t\t\t\t<div class=\"elementor-row\">\n\t\t\t\t\t<div class=\"elementor-column elementor-col-50 elementor-top-column elementor-element elementor-element-a2606fb\" data-id=\"a2606fb\" data-element_type=\"column\">\n\t\t\t<div class=\"elementor-column-wrap elementor-element-populated\">\n\t\t\t\t\t\t\t<div class=\"elementor-widget-wrap\">\n\t\t\t\t\t\t<div class=\"elementor-element elementor-element-001bcd8 elementor-widget elementor-widget-heading\" data-id=\"001bcd8\" data-element_type=\"widget\" data-widget_type=\"heading.default\">\n\t\t\t\t<div class=\"elementor-widget-container\">\n\t\t\t<h2 class=\"elementor-heading-title elementor-size-default\">Atendimento para todo o Brasil<\/h2>\t\t<\/div>\n\t\t\t\t<\/div>\n\t\t\t\t\t\t<\/div>\n\t\t\t\t\t<\/div>\n\t\t<\/div>\n\t\t\t\t<div class=\"elementor-column elementor-col-50 elementor-top-column elementor-element elementor-element-ff9a6cb\" data-id=\"ff9a6cb\" data-element_type=\"column\">\n\t\t\t<div class=\"elementor-column-wrap elementor-element-populated\">\n\t\t\t\t\t\t\t<div class=\"elementor-widget-wrap\">\n\t\t\t\t\t\t<div class=\"elementor-element elementor-element-f1501c1 elementor-widget elementor-widget-eael-creative-button\" data-id=\"f1501c1\" data-element_type=\"widget\" data-widget_type=\"eael-creative-button.default\">\n\t\t\t\t<div class=\"elementor-widget-container\">\n\t\t\t        <div class=\"eael-creative-button-wrapper\">\n\n            <a class=\"eael-creative-button eael-creative-button--default\" href=\"http:\/\/wa.me\/+5585981835308\" data-text=\"Go!\">\n\n                <div class=\"creative-button-inner\">\n\n                                            <span class=\"eael-creative-button-icon-left\"><i aria-hidden=\"true\" class=\"fab fa-whatsapp\"><\/i><\/span>                    \n                    <span class=\"cretive-button-text\">FALE COM UM DE NOSSOS CONSULTORES<\/span>\n\n                                    <\/div>\n            <\/a>\n        <\/div>\n\t\t<\/div>\n\t\t\t\t<\/div>\n\t\t\t\t\t\t<\/div>\n\t\t\t\t\t<\/div>\n\t\t<\/div>\n\t\t\t\t\t\t\t\t<\/div>\n\t\t\t\t\t<\/div>\n\t\t<\/section>\n\t\t\t\t<section data-particle_enable=\"false\" data-particle-mobile-disabled=\"false\" class=\"elementor-section elementor-top-section elementor-element elementor-element-02eeac9 elementor-section-full_width elementor-section-height-default elementor-section-height-default\" data-id=\"02eeac9\" data-element_type=\"section\" data-settings=\"{&quot;_ha_eqh_enable&quot;:false}\">\n\t\t\t\t\t\t<div class=\"elementor-container elementor-column-gap-default\">\n\t\t\t\t\t\t\t<div class=\"elementor-row\">\n\t\t\t\t\t<div class=\"elementor-column elementor-col-100 elementor-top-column elementor-element elementor-element-4510970\" data-id=\"4510970\" data-element_type=\"column\">\n\t\t\t<div class=\"elementor-column-wrap elementor-element-populated\">\n\t\t\t\t\t\t\t<div class=\"elementor-widget-wrap\">\n\t\t\t\t\t\t<div class=\"elementor-element elementor-element-ac4639d elementor-widget elementor-widget-google_maps\" data-id=\"ac4639d\" data-element_type=\"widget\" data-widget_type=\"google_maps.default\">\n\t\t\t\t<div class=\"elementor-widget-container\">\n\t\t\t\t\t<div class=\"elementor-custom-embed\">\n\t\t\t<iframe frameborder=\"0\" scrolling=\"no\" marginheight=\"0\" marginwidth=\"0\"\n\t\t\t\t\tsrc=\"https:\/\/maps.google.com\/maps?q=R.%20Carolina%20Sucupira%2C%2033%20-%20Aldeota%2C%20Fortaleza%20-%20CE%2C%2060140-120&#038;t=m&#038;z=15&#038;output=embed&#038;iwloc=near\"\n\t\t\t\t\ttitle=\"R. Carolina Sucupira, 33 - Aldeota, Fortaleza - CE, 60140-120\"\n\t\t\t\t\taria-label=\"R. Carolina Sucupira, 33 - Aldeota, Fortaleza - CE, 60140-120\"\n\t\t\t><\/iframe>\n\t\t<\/div>\n\t\t\t\t<\/div>\n\t\t\t\t<\/div>\n\t\t\t\t\t\t<\/div>\n\t\t\t\t\t<\/div>\n\t\t<\/div>\n\t\t\t\t\t\t\t\t<\/div>\n\t\t\t\t\t<\/div>\n\t\t<\/section>\n\t\t\t\t\t\t\t\t\t<\/div>\n\t\t\t<\/div>\n\t\t\t\t\t<\/div>\n\t\t","protected":false},"excerpt":{"rendered":"<p>Fale conosco Entre em contato para tirar d\u00favidas ou agendar uma apresenta\u00e7\u00e3o\u00a0 Atendimento para todo o Brasil FALE COM UM DE NOSSOS CONSULTORES<\/p>\n","protected":false},"author":1,"featured_media":0,"parent":0,"menu_order":0,"comment_status":"closed","ping_status":"closed","template":"elementor_header_footer","meta":{"footnotes":""},"_links":{"self":[{"href":"https:\/\/www.tab.pro.br\/index.php\/wp-json\/wp\/v2\/pages\/87"}],"collection":[{"href":"https:\/\/www.tab.pro.br\/index.php\/wp-json\/wp\/v2\/pages"}],"about":[{"href":"https:\/\/www.tab.pro.br\/index.php\/wp-json\/wp\/v2\/types\/page"}],"author":[{"embeddable":true,"href":"https:\/\/www.tab.pro.br\/index.php\/wp-json\/wp\/v2\/users\/1"}],"replies":[{"embeddable":true,"href":"https:\/\/www.tab.pro.br\/index.php\/wp-json\/wp\/v2\/comments?post=87"}],"version-history":[{"count":63,"href":"https:\/\/www.tab.pro.br\/index.php\/wp-json\/wp\/v2\/pages\/87\/revisions"}],"predecessor-version":[{"id":4172,"href":"https:\/\/www.tab.pro.br\/index.php\/wp-json\/wp\/v2\/pages\/87\/revisions\/4172"}],"wp:attachment":[{"href":"https:\/\/www.tab.pro.br\/index.php\/wp-json\/wp\/v2\/media?parent=87"}],"curies":[{"name":"wp","href":"https:\/\/api.w.org\/{rel}","templated":true}]}}